{"id":964,"date":"2024-04-02T18:32:32","date_gmt":"2024-04-02T18:32:32","guid":{"rendered":"https:\/\/www.stadtteilverein.de\/?page_id=964"},"modified":"2024-04-02T18:42:00","modified_gmt":"2024-04-02T18:42:00","slug":"kirchen-und-kirchliche-einrichtungen","status":"publish","type":"page","link":"https:\/\/www.stadtteilverein.de\/index.php\/kirchen-und-kirchliche-einrichtungen\/","title":{"rendered":"Kirchen und kirchliche Einrichtungen"},"content":{"rendered":"<div class=\"wpb-content-wrapper\"><p>[vc_row][vc_column width=&#8220;1\/4&#8243;]<div id=\"ultimate-heading-100169e58ada28aa5\" class=\"uvc-heading ult-adjust-bottom-margin ultimate-heading-100169e58ada28aa5 uvc-5772  uvc-heading-default-font-sizes\" data-hspacer=\"no_spacer\"  data-halign=\"center\" style=\"text-align:center\"><div class=\"uvc-heading-spacer no_spacer\" style=\"top\"><\/div><div class=\"uvc-main-heading ult-responsive\"  data-ultimate-target='.uvc-heading.ultimate-heading-100169e58ada28aa5 h2'  data-responsive-json-new='{\"font-size\":\"\",\"line-height\":\"\"}' ><h2 style=\"--font-weight:theme;margin-bottom:25px;\">Matth\u00e4us Gemeinde Ziegelhausen<\/h2><\/div><\/div>[vc_single_image image=&#8220;966&#8243; img_size=&#8220;500&#215;300&#8243;][vc_column_text]Angebote, Termine und viele weitere Infos k\u00f6nnen \u00fcber die Website der evang. Kirche Heidelberg bzw. Unterseite der Matth\u00e4usgemeinde abgerufen werden.[\/vc_column_text][vc_btn title=&#8220;WEITER ZU WEBSITE (EXTERN)&#8220; color=&#8220;mulled-wine&#8220; align=&#8220;center&#8220; i_icon_fontawesome=&#8220;fas fa-globe&#8220; button_block=&#8220;true&#8220; add_icon=&#8220;true&#8220; css=&#8220;.vc_custom_1711529580424{padding-top: 10px !important;}&#8220; link=&#8220;url:https%3A%2F%2Fekihd.de%2Fgemeinden%2Fmatthaeusgemeinde%2F|target:_blank|rel:nofollow&#8220;][\/vc_column][vc_column width=&#8220;1\/4&#8243;]<div id=\"ultimate-heading-126469e58ada28b50\" class=\"uvc-heading ult-adjust-bottom-margin ultimate-heading-126469e58ada28b50 uvc-5021  uvc-heading-default-font-sizes\" data-hspacer=\"no_spacer\"  data-halign=\"center\" style=\"text-align:center\"><div class=\"uvc-heading-spacer no_spacer\" style=\"top\"><\/div><div class=\"uvc-main-heading ult-responsive\"  data-ultimate-target='.uvc-heading.ultimate-heading-126469e58ada28b50 h2'  data-responsive-json-new='{\"font-size\":\"\",\"line-height\":\"\"}' ><h2 style=\"--font-weight:theme;margin-bottom:25px;\">Kath. Kirchengemeinde Ziegelhausen<\/h2><\/div><\/div>[vc_single_image image=&#8220;967&#8243; img_size=&#8220;500&#215;300&#8243;][vc_column_text]Auf der Website der St. Laurentius Kirche in Ziegelhausen finden Sie Anprechpartner, Gottesdiensttermine, Infos \u00fcber die Gemeinde und vieles mehr.[\/vc_column_text][vc_btn title=&#8220;WEITER ZU WEBSITE (EXTERN)&#8220; color=&#8220;mulled-wine&#8220; align=&#8220;center&#8220; i_icon_fontawesome=&#8220;fas fa-globe&#8220; button_block=&#8220;true&#8220; add_icon=&#8220;true&#8220; css=&#8220;.vc_custom_1711529558720{padding-top: 10px !important;}&#8220; link=&#8220;url:https%3A%2F%2Fwww.stadtkirche-heidelberg.de%2Fst-laurentius-ziegelhausen%2F|target:_blank|rel:nofollow&#8220;][\/vc_column][vc_column width=&#8220;1\/4&#8243;]<div id=\"ultimate-heading-865269e58ada28ba8\" class=\"uvc-heading ult-adjust-bottom-margin ultimate-heading-865269e58ada28ba8 uvc-4456  uvc-heading-default-font-sizes\" data-hspacer=\"no_spacer\"  data-halign=\"center\" style=\"text-align:center\"><div class=\"uvc-heading-spacer no_spacer\" style=\"top\"><\/div><div class=\"uvc-main-heading ult-responsive\"  data-ultimate-target='.uvc-heading.ultimate-heading-865269e58ada28ba8 h2'  data-responsive-json-new='{\"font-size\":\"\",\"line-height\":\"\"}' ><h2 style=\"--font-weight:theme;margin-bottom:25px;\">Kolpingfamilie Ziegelhausen<\/h2><\/div><\/div>[vc_single_image image=&#8220;968&#8243; img_size=&#8220;500&#215;300&#8243;][vc_column_text]Auf der Internetpr\u00e4senz des Kolpingswerkes, Gemeinde Ziegelhausen, finden sich viele News, Termine und Kontaktm\u00f6glichkeiten zu dieser Institution.[\/vc_column_text][vc_btn title=&#8220;WEITER ZU WEBSITE (EXTERN)&#8220; color=&#8220;mulled-wine&#8220; align=&#8220;center&#8220; i_icon_fontawesome=&#8220;fas fa-globe&#8220; button_block=&#8220;true&#8220; add_icon=&#8220;true&#8220; css=&#8220;.vc_custom_1711529531104{padding-top: 10px !important;}&#8220; link=&#8220;url:https%3A%2F%2Fvor-ort.kolping.de%2Fkolpingsfamilie-ziegelhausen%2F|target:_blank|rel:nofollow&#8220;][\/vc_column][vc_column width=&#8220;1\/4&#8243;]<div id=\"ultimate-heading-895369e58ada28bf8\" class=\"uvc-heading ult-adjust-bottom-margin ultimate-heading-895369e58ada28bf8 uvc-8357  uvc-heading-default-font-sizes\" data-hspacer=\"no_spacer\"  data-halign=\"center\" style=\"text-align:center\"><div class=\"uvc-heading-spacer no_spacer\" style=\"top\"><\/div><div class=\"uvc-main-heading ult-responsive\"  data-ultimate-target='.uvc-heading.ultimate-heading-895369e58ada28bf8 h2'  data-responsive-json-new='{\"font-size\":\"\",\"line-height\":\"\"}' ><h2 style=\"--font-weight:theme;margin-bottom:25px;\">Katholischer Kindergarten St. Marien<\/h2><\/div><\/div>[vc_single_image image=&#8220;965&#8243; img_size=&#8220;500&#215;300&#8243;][vc_column_text]Auf der Website des Kindergartens St. marien finden Sie viele Informationen, unter anderem zu Angeboten, Konzepten, sowie Ansprechpartnern.[\/vc_column_text][vc_btn title=&#8220;WEITER ZU WEBSITE (EXTERN)&#8220; color=&#8220;mulled-wine&#8220; align=&#8220;center&#8220; i_icon_fontawesome=&#8220;fas fa-globe&#8220; button_block=&#8220;true&#8220; add_icon=&#8220;true&#8220; css=&#8220;.vc_custom_1711529434225{padding-top: 10px !important;}&#8220; link=&#8220;url:https%3A%2F%2Fwww.heidelberg-neckartal.de%2Findex.php%3Farticle_id%3D42|target:_blank|rel:nofollow&#8220;][\/vc_column][\/vc_row]<\/p>\n<\/div>","protected":false},"excerpt":{"rendered":"<p>[vc_row][vc_column width=&#8220;1\/4&#8243;][vc_single_image image=&#8220;966&#8243; img_size=&#8220;500&#215;300&#8243;][vc_column_text]Angebote, Termine und viele weitere Infos k\u00f6nnen \u00fcber die Website der evang. Kirche Heidelberg bzw. Unterseite der Matth\u00e4usgemeinde abgerufen werden.[\/vc_column_text][vc_btn title=&#8220;WEITER ZU WEBSITE (EXTERN)&#8220; color=&#8220;mulled-wine&#8220; align=&#8220;center&#8220; i_icon_fontawesome=&#8220;fas fa-globe&#8220; button_block=&#8220;true&#8220; add_icon=&#8220;true&#8220; css=&#8220;.vc_custom_1711529580424{padding-top: 10px !important;}&#8220; link=&#8220;url:https%3A%2F%2Fekihd.de%2Fgemeinden%2Fmatthaeusgemeinde%2F|target:_blank|rel:nofollow&#8220;][\/vc_column][vc_column width=&#8220;1\/4&#8243;][vc_single_image image=&#8220;967&#8243; img_size=&#8220;500&#215;300&#8243;][vc_column_text]Auf der Website der St. Laurentius Kirche in Ziegelhausen finden Sie Anprechpartner, Gottesdiensttermine, Infos \u00fcber die&hellip;<\/p>\n","protected":false},"author":1,"featured_media":0,"parent":0,"menu_order":0,"comment_status":"closed","ping_status":"closed","template":"","meta":{"footnotes":""},"class_list":["post-964","page","type-page","status-publish","hentry","description-off"],"publishpress_future_action":{"enabled":false,"date":"2026-04-27 04:09:30","action":"change-status","newStatus":"draft","terms":[],"taxonomy":"","extraData":[]},"publishpress_future_workflow_manual_trigger":{"enabledWorkflows":[]},"_links":{"self":[{"href":"https:\/\/www.stadtteilverein.de\/index.php\/wp-json\/wp\/v2\/pages\/964","targetHints":{"allow":["GET"]}}],"collection":[{"href":"https:\/\/www.stadtteilverein.de\/index.php\/wp-json\/wp\/v2\/pages"}],"about":[{"href":"https:\/\/www.stadtteilverein.de\/index.php\/wp-json\/wp\/v2\/types\/page"}],"author":[{"embeddable":true,"href":"https:\/\/www.stadtteilverein.de\/index.php\/wp-json\/wp\/v2\/users\/1"}],"replies":[{"embeddable":true,"href":"https:\/\/www.stadtteilverein.de\/index.php\/wp-json\/wp\/v2\/comments?post=964"}],"version-history":[{"count":3,"href":"https:\/\/www.stadtteilverein.de\/index.php\/wp-json\/wp\/v2\/pages\/964\/revisions"}],"predecessor-version":[{"id":971,"href":"https:\/\/www.stadtteilverein.de\/index.php\/wp-json\/wp\/v2\/pages\/964\/revisions\/971"}],"wp:attachment":[{"href":"https:\/\/www.stadtteilverein.de\/index.php\/wp-json\/wp\/v2\/media?parent=964"}],"curies":[{"name":"wp","href":"https:\/\/api.w.org\/{rel}","templated":true}]}}