{"id":956,"date":"2024-04-02T18:25:34","date_gmt":"2024-04-02T18:25:34","guid":{"rendered":"https:\/\/www.stadtteilverein.de\/?page_id=956"},"modified":"2024-07-09T15:56:26","modified_gmt":"2024-07-09T15:56:26","slug":"politik-parteien","status":"publish","type":"page","link":"https:\/\/www.stadtteilverein.de\/index.php\/politik-parteien\/","title":{"rendered":"Politik &#038; Parteien"},"content":{"rendered":"<div class=\"wpb-content-wrapper\"><p>[vc_row][vc_column width=&#8220;1\/5&#8243;]<div id=\"ultimate-heading-151669e58ae464645\" class=\"uvc-heading ult-adjust-bottom-margin ultimate-heading-151669e58ae464645 uvc-3117  uvc-heading-default-font-sizes\" data-hspacer=\"no_spacer\"  data-halign=\"center\" style=\"text-align:center\"><div class=\"uvc-heading-spacer no_spacer\" style=\"top\"><\/div><div class=\"uvc-main-heading ult-responsive\"  data-ultimate-target='.uvc-heading.ultimate-heading-151669e58ae464645 h2'  data-responsive-json-new='{\"font-size\":\"\",\"line-height\":\"\"}' ><h2 style=\"--font-weight:theme;margin-bottom:25px;\">B\u00fcndnis 90\/Die Gr\u00fcnen Kreisverband HD<\/h2><\/div><\/div>[vc_single_image image=&#8220;959&#8243; img_size=&#8220;500&#215;300&#8243;][vc_btn title=&#8220;WEITER ZU WEBSITE (EXTERN)&#8220; color=&#8220;mulled-wine&#8220; align=&#8220;center&#8220; i_icon_fontawesome=&#8220;fas fa-globe&#8220; css=&#8220;.vc_custom_1711532402461{padding-top: 10px !important;}&#8220; button_block=&#8220;true&#8220; add_icon=&#8220;true&#8220; link=&#8220;url:https%3A%2F%2Fwww.gruene-heidelberg.de%2F|target:_blank|rel:nofollow&#8220;][\/vc_column][vc_column width=&#8220;1\/5&#8243;]<div id=\"ultimate-heading-271669e58ae4646c3\" class=\"uvc-heading ult-adjust-bottom-margin ultimate-heading-271669e58ae4646c3 uvc-4358  uvc-heading-default-font-sizes\" data-hspacer=\"no_spacer\"  data-halign=\"center\" style=\"text-align:center\"><div class=\"uvc-heading-spacer no_spacer\" style=\"top\"><\/div><div class=\"uvc-main-heading ult-responsive\"  data-ultimate-target='.uvc-heading.ultimate-heading-271669e58ae4646c3 h2'  data-responsive-json-new='{\"font-size\":\"\",\"line-height\":\"\"}' ><h2 style=\"--font-weight:theme;margin-bottom:25px;\">CDU Ziegelhausen-Peterstal<\/h2><\/div><\/div>[vc_single_image image=&#8220;960&#8243; img_size=&#8220;500&#215;300&#8243;][vc_btn title=&#8220;WEITER ZU WEBSITE (EXTERN)&#8220; color=&#8220;mulled-wine&#8220; align=&#8220;center&#8220; i_icon_fontawesome=&#8220;fas fa-globe&#8220; css=&#8220;.vc_custom_1711532198111{padding-top: 10px !important;}&#8220; button_block=&#8220;true&#8220; add_icon=&#8220;true&#8220; link=&#8220;url:http%3A%2F%2Ftest.cdu-ziegelhausen-peterstal.de%2Fstartseite%2F|target:_blank|rel:nofollow&#8220;][\/vc_column][vc_column width=&#8220;1\/5&#8243;]<div id=\"ultimate-heading-624469e58ae464717\" class=\"uvc-heading ult-adjust-bottom-margin ultimate-heading-624469e58ae464717 uvc-8141  uvc-heading-default-font-sizes\" data-hspacer=\"no_spacer\"  data-halign=\"center\" style=\"text-align:center\"><div class=\"uvc-heading-spacer no_spacer\" style=\"top\"><\/div><div class=\"uvc-main-heading ult-responsive\"  data-ultimate-target='.uvc-heading.ultimate-heading-624469e58ae464717 h2'  data-responsive-json-new='{\"font-size\":\"\",\"line-height\":\"\"}' ><h2 style=\"--font-weight:theme;margin-bottom:25px;\">Freie W\u00e4hler Ziegelhausen-Peterstal<\/h2><\/div><\/div>[vc_single_image image=&#8220;958&#8243; img_size=&#8220;500&#215;300&#8243;][\/vc_column][vc_column width=&#8220;1\/5&#8243;]<div id=\"ultimate-heading-60969e58ae464766\" class=\"uvc-heading ult-adjust-bottom-margin ultimate-heading-60969e58ae464766 uvc-1554  uvc-heading-default-font-sizes\" data-hspacer=\"no_spacer\"  data-halign=\"center\" style=\"text-align:center\"><div class=\"uvc-heading-spacer no_spacer\" style=\"top\"><\/div><div class=\"uvc-main-heading ult-responsive\"  data-ultimate-target='.uvc-heading.ultimate-heading-60969e58ae464766 h2'  data-responsive-json-new='{\"font-size\":\"\",\"line-height\":\"\"}' ><h2 style=\"--font-weight:theme;margin-bottom:25px;\">SPD Ortsverein Ziegelhausen-Peterstal<\/h2><\/div><\/div>[vc_single_image image=&#8220;1479&#8243; img_size=&#8220;500&#215;300&#8243; css=&#8220;&#8220;][vc_btn title=&#8220;WEITER ZU WEBSITE (EXTERN)&#8220; color=&#8220;mulled-wine&#8220; align=&#8220;center&#8220; i_icon_fontawesome=&#8220;fas fa-globe&#8220; css=&#8220;.vc_custom_1711532037599{padding-top: 10px !important;}&#8220; button_block=&#8220;true&#8220; add_icon=&#8220;true&#8220; link=&#8220;url:https%3A%2F%2Fspd-heidelberg.de%2Fwir%2Fortsteile%2F|target:_blank|rel:nofollow&#8220;][\/vc_column][vc_column width=&#8220;1\/5&#8243;]<div id=\"ultimate-heading-335469e58ae4647b5\" class=\"uvc-heading ult-adjust-bottom-margin ultimate-heading-335469e58ae4647b5 uvc-3418  uvc-heading-default-font-sizes\" data-hspacer=\"no_spacer\"  data-halign=\"center\" style=\"text-align:center\"><div class=\"uvc-heading-spacer no_spacer\" style=\"top\"><\/div><div class=\"uvc-main-heading ult-responsive\"  data-ultimate-target='.uvc-heading.ultimate-heading-335469e58ae4647b5 h2'  data-responsive-json-new='{\"font-size\":\"\",\"line-height\":\"\"}' ><h2 style=\"--font-weight:theme;margin-bottom:25px;\">In Verantwortung - Mandatstr\u00e4gerinnen und -Tr\u00e4ger f\u00fcr Ziegelhausen<\/h2><\/div><\/div>[vc_btn title=&#8220;WEITER&#8220; color=&#8220;mulled-wine&#8220; align=&#8220;center&#8220; i_icon_fontawesome=&#8220;fas fa-angle-double-right&#8220; css=&#8220;.vc_custom_1712840361348{padding-top: 10px !important;}&#8220; button_block=&#8220;true&#8220; add_icon=&#8220;true&#8220; link=&#8220;url:https%3A%2F%2Fwww.stadtteilverein.de%2Findex.php%2Fziegelhaeuser-mandatstraegerinnen-und-traeger%2F|title:Ziegelh%C3%A4user%20Mandatstr%C3%A4gerinnen%20und%20-Tr%C3%A4ger&#8220;][\/vc_column][\/vc_row]<\/p>\n<\/div>","protected":false},"excerpt":{"rendered":"<p>[vc_row][vc_column width=&#8220;1\/5&#8243;][vc_single_image image=&#8220;959&#8243; img_size=&#8220;500&#215;300&#8243;][vc_btn title=&#8220;WEITER ZU WEBSITE (EXTERN)&#8220; color=&#8220;mulled-wine&#8220; align=&#8220;center&#8220; i_icon_fontawesome=&#8220;fas fa-globe&#8220; css=&#8220;.vc_custom_1711532402461{padding-top: 10px !important;}&#8220; button_block=&#8220;true&#8220; add_icon=&#8220;true&#8220; link=&#8220;url:https%3A%2F%2Fwww.gruene-heidelberg.de%2F|target:_blank|rel:nofollow&#8220;][\/vc_column][vc_column width=&#8220;1\/5&#8243;][vc_single_image image=&#8220;960&#8243; img_size=&#8220;500&#215;300&#8243;][vc_btn title=&#8220;WEITER ZU WEBSITE (EXTERN)&#8220; color=&#8220;mulled-wine&#8220; align=&#8220;center&#8220; i_icon_fontawesome=&#8220;fas fa-globe&#8220; css=&#8220;.vc_custom_1711532198111{padding-top: 10px !important;}&#8220; button_block=&#8220;true&#8220; add_icon=&#8220;true&#8220; link=&#8220;url:http%3A%2F%2Ftest.cdu-ziegelhausen-peterstal.de%2Fstartseite%2F|target:_blank|rel:nofollow&#8220;][\/vc_column][vc_column width=&#8220;1\/5&#8243;][vc_single_image image=&#8220;958&#8243; img_size=&#8220;500&#215;300&#8243;][\/vc_column][vc_column width=&#8220;1\/5&#8243;][vc_single_image image=&#8220;1479&#8243; img_size=&#8220;500&#215;300&#8243; css=&#8220;&#8220;][vc_btn title=&#8220;WEITER ZU WEBSITE (EXTERN)&#8220; color=&#8220;mulled-wine&#8220; align=&#8220;center&#8220; i_icon_fontawesome=&#8220;fas fa-globe&#8220; css=&#8220;.vc_custom_1711532037599{padding-top: 10px !important;}&#8220; button_block=&#8220;true&#8220; add_icon=&#8220;true&#8220;&hellip;<\/p>\n","protected":false},"author":1,"featured_media":0,"parent":0,"menu_order":0,"comment_status":"closed","ping_status":"closed","template":"","meta":{"footnotes":""},"class_list":["post-956","page","type-page","status-publish","hentry","description-off"],"publishpress_future_action":{"enabled":false,"date":"2026-04-27 04:09:40","action":"change-status","newStatus":"draft","terms":[],"taxonomy":"","extraData":[]},"publishpress_future_workflow_manual_trigger":{"enabledWorkflows":[]},"_links":{"self":[{"href":"https:\/\/www.stadtteilverein.de\/index.php\/wp-json\/wp\/v2\/pages\/956","targetHints":{"allow":["GET"]}}],"collection":[{"href":"https:\/\/www.stadtteilverein.de\/index.php\/wp-json\/wp\/v2\/pages"}],"about":[{"href":"https:\/\/www.stadtteilverein.de\/index.php\/wp-json\/wp\/v2\/types\/page"}],"author":[{"embeddable":true,"href":"https:\/\/www.stadtteilverein.de\/index.php\/wp-json\/wp\/v2\/users\/1"}],"replies":[{"embeddable":true,"href":"https:\/\/www.stadtteilverein.de\/index.php\/wp-json\/wp\/v2\/comments?post=956"}],"version-history":[{"count":10,"href":"https:\/\/www.stadtteilverein.de\/index.php\/wp-json\/wp\/v2\/pages\/956\/revisions"}],"predecessor-version":[{"id":1480,"href":"https:\/\/www.stadtteilverein.de\/index.php\/wp-json\/wp\/v2\/pages\/956\/revisions\/1480"}],"wp:attachment":[{"href":"https:\/\/www.stadtteilverein.de\/index.php\/wp-json\/wp\/v2\/media?parent=956"}],"curies":[{"name":"wp","href":"https:\/\/api.w.org\/{rel}","templated":true}]}}