{"id":1837,"date":"2024-12-19T15:49:43","date_gmt":"2024-12-19T14:49:43","guid":{"rendered":"https:\/\/www.stadtteilverein.de\/?page_id=1837"},"modified":"2024-12-19T15:50:41","modified_gmt":"2024-12-19T14:50:41","slug":"impressum-2","status":"publish","type":"page","link":"https:\/\/www.stadtteilverein.de\/index.php\/impressum-2\/","title":{"rendered":"Impressum"},"content":{"rendered":"<p><strong>Angaben gem\u00e4\u00df \u00a7 18 Abs. 2 Medienstaatsvertrag<\/strong><\/p>\n<p><strong>Stadtteilverein Ziegelhausen-Peterstal<br \/>\n<\/strong>Kleingem\u00fcnder Stra\u00dfe 18<br \/>\n69118 Heidelberg<br \/>\nDeutschland<\/p>\n<p><strong>Vertreten durch:<br \/>\n<\/strong>1. Vorsitzender, Thomas Jung<br \/>\n2. Vorsitzende, Sabine Schl\u00f6r<strong><br \/>\n<\/strong><\/p>\n<p><strong>Kontakt:<\/strong><br \/>\nTelefon: 062219144057<br \/>\nE-Mail: i&#110;&#102;&#x6f;&#x40;&#x73;ta&#100;&#116;&#x74;&#x65;&#x69;l&#118;&#101;&#114;&#x65;&#x69;&#x6e;&#46;&#100;&#101;<\/p>\n<p><strong>Registereintrag:<\/strong><br \/>\nRegister: Vereinsregister<br \/>\nRegister Ort: Amtsgericht Mannheim<br \/>\nRegisternummer: VR 330974<\/p>\n<p>Wirtschafts-ID: 32489\/72166<\/p>\n<p><strong>Verantwortlich f\u00fcr den Inhalt nach \u00a7 55 Abs. 2 RStV:<\/strong><br \/>\nThomas Jung<br \/>\nKleingem\u00fcnder Stra\u00dfe 18<br \/>\n69118 Heidelberg<br \/>\nDeutschland<\/p>\n<p><strong>Konzeption:<\/strong><br \/>\nBianca Staffen<\/p>\n<p><strong>Layout &amp; Umsetzung:<\/strong><br \/>\nWDS WerbeDruck Uwe Schneider<\/p>\n","protected":false},"excerpt":{"rendered":"<p>Angaben gem\u00e4\u00df \u00a7 18 Abs. 2 Medienstaatsvertrag Stadtteilverein Ziegelhausen-Peterstal Kleingem\u00fcnder Stra\u00dfe 18 69118 Heidelberg Deutschland Vertreten durch: 1. Vorsitzender, Thomas Jung 2. Vorsitzende, Sabine Schl\u00f6r Kontakt: Telefon: 062219144057 E-Mail: &#x69;n&#x66;&#111;&#64;&#x73;&#116;&#x61;&#x64;t&#x74;&#101;i&#x6c;&#118;&#x65;&#114;e&#x69;&#110;&#46;&#x64;&#101; Registereintrag: Register: Vereinsregister Register Ort: Amtsgericht Mannheim Registernummer: VR 330974 Wirtschafts-ID: 32489\/72166 Verantwortlich f\u00fcr den Inhalt nach \u00a7 55 Abs. 2 RStV: Thomas Jung Kleingem\u00fcnder&hellip;<\/p>\n","protected":false},"author":1,"featured_media":0,"parent":0,"menu_order":0,"comment_status":"closed","ping_status":"closed","template":"","meta":{"footnotes":""},"class_list":["post-1837","page","type-page","status-publish","hentry","description-off"],"publishpress_future_action":{"enabled":false,"date":"2026-04-14 01:02:50","action":"change-status","newStatus":"draft","terms":[],"taxonomy":"","extraData":[]},"publishpress_future_workflow_manual_trigger":{"enabledWorkflows":[]},"_links":{"self":[{"href":"https:\/\/www.stadtteilverein.de\/index.php\/wp-json\/wp\/v2\/pages\/1837","targetHints":{"allow":["GET"]}}],"collection":[{"href":"https:\/\/www.stadtteilverein.de\/index.php\/wp-json\/wp\/v2\/pages"}],"about":[{"href":"https:\/\/www.stadtteilverein.de\/index.php\/wp-json\/wp\/v2\/types\/page"}],"author":[{"embeddable":true,"href":"https:\/\/www.stadtteilverein.de\/index.php\/wp-json\/wp\/v2\/users\/1"}],"replies":[{"embeddable":true,"href":"https:\/\/www.stadtteilverein.de\/index.php\/wp-json\/wp\/v2\/comments?post=1837"}],"version-history":[{"count":1,"href":"https:\/\/www.stadtteilverein.de\/index.php\/wp-json\/wp\/v2\/pages\/1837\/revisions"}],"predecessor-version":[{"id":1838,"href":"https:\/\/www.stadtteilverein.de\/index.php\/wp-json\/wp\/v2\/pages\/1837\/revisions\/1838"}],"wp:attachment":[{"href":"https:\/\/www.stadtteilverein.de\/index.php\/wp-json\/wp\/v2\/media?parent=1837"}],"curies":[{"name":"wp","href":"https:\/\/api.w.org\/{rel}","templated":true}]}}