{"id":1280,"date":"2024-04-11T08:48:03","date_gmt":"2024-04-11T08:48:03","guid":{"rendered":"https:\/\/www.stadtteilverein.de\/?page_id=1280"},"modified":"2024-08-29T10:55:39","modified_gmt":"2024-08-29T08:55:39","slug":"ziegelhaeuser-mandatstraegerinnen-und-traeger","status":"publish","type":"page","link":"https:\/\/www.stadtteilverein.de\/index.php\/ziegelhaeuser-mandatstraegerinnen-und-traeger\/","title":{"rendered":"Ziegelh\u00e4user Mandatstr\u00e4gerinnen und -Tr\u00e4ger"},"content":{"rendered":"<div class=\"wpb-content-wrapper\"><p>[vc_row][vc_column][vc_column_text]Die Menschen in unserem Stadtteil werden in Heidelberg und dar\u00fcber hinaus auf den unterschiedlichsten Ebenen aktiv &#8211; im Bezirksbeirat Ziegelhausen, im Heidelberger Gemeinderat und auch im Deutschen Bundestag.[\/vc_column_text][\/vc_column][\/vc_row][vc_row css=&#8220;.vc_custom_1712837700763{border-top-width: 1px !important;border-right-width: 1px !important;border-bottom-width: 1px !important;border-left-width: 1px !important;padding-right: 5px !important;padding-left: 5px !important;border-left-color: #000000 !important;border-left-style: solid !important;border-right-color: #000000 !important;border-right-style: solid !important;border-top-color: #000000 !important;border-top-style: solid !important;border-bottom-color: #000000 !important;border-bottom-style: solid !important;border-radius: 3px !important;}&#8220;][vc_column][vc_row_inner][vc_column_inner]<div id=\"ultimate-heading-731269e59f50697bc\" class=\"uvc-heading ult-adjust-bottom-margin ultimate-heading-731269e59f50697bc uvc-5298 \" data-hspacer=\"no_spacer\"  data-halign=\"left\" style=\"text-align:left\"><div class=\"uvc-heading-spacer no_spacer\" style=\"top\"><\/div><div class=\"uvc-main-heading ult-responsive\"  data-ultimate-target='.uvc-heading.ultimate-heading-731269e59f50697bc h2'  data-responsive-json-new='{\"font-size\":\"desktop:30px;\",\"line-height\":\"desktop:36px;\"}' ><h2 style=\"--font-weight:theme;color:#1e73be;margin-top:5px;margin-bottom:25px;\">DER BEZIRKSBEIRAT<\/h2><\/div><\/div>[vc_column_text]In jedem der f\u00fcnfzehn Stadtbezirke von Heidelberg gibt es einen vom Gemeinderat bestellten Bezirksbeirat, der zu allen wichtigen Themen den jeweiligen Stadtteil betreffend geh\u00f6rt werden muss. Er nimmt als beratendes Gremium des Gemeinderats sowie der st\u00e4dtischen Verwaltung in der Kommunalpolitik eine wichtige Rolle ein.<\/p>\n<p>Die f\u00fcr den jeweiligen Stadtteil wichtigen Angelegenheiten werden vorab im Bezirksbeirat besprochen und das Ergebnis im Anschluss als Empfehlung an den Gemeinderat bzw. an den zust\u00e4ndigen Fachausschuss gegeben. Auch den Stadtteil betreffende Beschlussvorlagen des Gemeinderats werden im Bezirksbeirat vorberaten.[\/vc_column_text]<div id=\"ultimate-heading-129769e59f5069841\" class=\"uvc-heading ult-adjust-bottom-margin ultimate-heading-129769e59f5069841 uvc-3513 \" data-hspacer=\"no_spacer\"  data-halign=\"center\" style=\"text-align:center\"><div class=\"uvc-heading-spacer no_spacer\" style=\"top\"><\/div><div class=\"uvc-main-heading ult-responsive\"  data-ultimate-target='.uvc-heading.ultimate-heading-129769e59f5069841 h2'  data-responsive-json-new='{\"font-size\":\"desktop:21px;\",\"line-height\":\"desktop:22px;\"}' ><h2 style=\"--font-weight:theme;color:#1e73be;margin-top:15px;margin-bottom:10px;\">Nachfolgend die Mitglieder des Bezirksbeirates:<\/h2><\/div><\/div>[\/vc_column_inner][\/vc_row_inner][vc_row_inner css=&#8220;.vc_custom_1712825237070{margin-top: 50px !important;}&#8220;][vc_column_inner width=&#8220;1\/3&#8243;][vc_column_text css=&#8220;&#8220;]<span style=\"color: #0085fa;\"><strong>Gr\u00fcne: (3 Sitze)<\/strong><\/span><br \/>\n<strong>Klaus Fanz<\/strong><br \/>\nPeterstaler Stra\u00dfe 36, 69118 Heidelberg,<br \/>\n<strong>Tel.<\/strong> 0172-7259289, <strong>Mail:<\/strong> <a href=\"mai&#108;&#116;&#111;&#58;&#x6d;&#x61;&#x69;&#x6c;&#x40;&#x6b;&#x6c;aus&#102;&#97;&#110;&#122;&#46;&#x64;&#x65;\">m&#97;&#105;&#x6c;&#x40;&#x6b;&#x6c;a&#117;&#115;&#102;&#x61;&#x6e;&#x7a;&#46;d&#101;<\/a><\/p>\n<p><strong>Mareike Keppler<\/strong><br \/>\n69118 Heidelberg,<strong> Tel.:<\/strong> 06221 3291852<br \/>\n<strong>Mail:<\/strong> <a href=\"&#109;&#x61;&#105;&#x6c;&#116;&#x6f;&#58;&#x6d;&#97;&#x72;&#101;&#x69;k&#x65;&#46;&#x6b;e&#x70;p&#x6c;e&#x72;&#64;&#115;&#x75;&#110;&#x66;&#114;&#x69;&#101;&#x64;&#46;&#x64;&#101;\">&#x6d;&#x61;&#114;&#101;ik&#x65;&#x2e;&#x6b;&#101;pp&#x6c;&#x65;&#x72;&#64;&#115;u&#x6e;&#x66;&#x72;&#105;&#101;d&#x2e;&#x64;&#x65;<\/a><\/p>\n<p><strong>Egon M\u00fcller<br \/>\n<\/strong>Quellenweg 19, 69118 Heidelberg<strong><br \/>\nTel.: <\/strong>0163 &#8211; 2587810<strong>, Mail: <\/strong><a href=\"&#109;&#x61;&#x69;&#108;&#x74;&#x6f;&#58;&#x6d;&#x65;&#116;&#x7a;&#x6c;&#101;&#x72;&#x42;&#46;&#x6d;&#x75;&#101;&#x6c;&#x6c;&#101;&#x72;&#x40;&#119;&#x65;&#x62;&#46;&#x64;&#x65;\">&#109;&#x65;&#x74;&#122;&#x6c;&#x65;&#114;&#x42;&#x2e;&#109;&#x75;&#x65;&#108;&#x6c;&#x65;&#114;&#x40;&#x77;&#101;&#x62;&#x2e;&#100;&#x65;<\/a><strong><br \/>\n<\/strong>[\/vc_column_text][vc_column_text css=&#8220;&#8220;]<span style=\"color: #0085fa;\"><strong>CDU: (4 Sitze)<\/strong><\/span><\/p>\n<p><strong>Pascal Kapp<br \/>\n<\/strong>Ezanvillestra\u00dfe 41, 69118 Heidelberg<strong><br \/>\nE-Mail: <\/strong><a href=\"mai&#108;&#116;&#111;&#58;&#x70;&#x2e;&#x6b;&#x61;&#x70;&#x70;&#x40;ede&#107;&#97;&#45;&#98;&#105;&#x73;&#x63;&#x68;&#x6f;&#x66;&#x66;&#46;de\">&#112;&#x2e;&#107;&#x61;&#112;&#x70;&#64;&#x65;d&#x65;k&#x61;-&#x62;i&#115;&#x63;&#104;&#x6f;&#102;&#x66;&#46;&#x64;&#101;<\/a><strong><br \/>\n<\/strong><\/p>\n<p><strong>Ines P\u00f6tschke<br \/>\n<\/strong>69118 Heidelberg Ortsteil Ziegelhausen<br \/>\n<strong>Mail:<\/strong> <a href=\"&#x6d;&#x61;&#x69;&#108;&#116;o:&#x69;&#x6e;&#x65;&#x73;&#64;&#101;lm&#x6f;&#x2d;&#x6e;&#101;&#116;&#46;de\">in&#101;&#115;&#64;&#101;&#x6c;&#x6d;&#x6f;&#x2d;&#x6e;et&#46;&#100;&#101;<\/a><\/p>\n<p><strong>Dr. Peter Schl\u00f6r<\/strong><br \/>\nK\u00f6pfelweg 76, 69118 Heidelberg,<br \/>\n<strong>Tel. dienstl.:<\/strong> 06221-975650, <strong>Tel. privat:<\/strong> 06221-805400, <strong>Mobil:<\/strong> 0172-6813366<br \/>\n<strong>Mail:<\/strong> <a href=\"&#x6d;&#x61;&#105;&#108;t&#x6f;&#x3a;&#x73;&#99;&#104;l&#x6f;&#x65;&#x72;&#64;&#115;c&#x68;&#x6c;&#x6f;&#101;&#114;-&#x73;&#x74;&#x62;&#46;de\">&#115;c&#x68;l&#x6f;e&#x72;&#64;&#x73;c&#x68;l&#x6f;&#101;&#x72;&#45;&#x73;&#116;&#x62;&#46;&#x64;&#101;<\/a><\/p>\n<p><strong>Joe Schwarz<br \/>\n<\/strong>Sitzbuchweg 90, 69118 Heidelberg,<br \/>\n<strong>Tel.: <\/strong>06221-7258529<strong>, E-Mail: <\/strong><a href=\"&#109;&#x61;&#105;&#x6c;&#116;&#x6f;&#58;&#x63;&#100;&#x75;&#64;&#x6a;&#111;&#x65;&#115;&#x63;&#104;&#x77;&#97;&#x72;&#122;&#x2e;&#100;&#x65;\">&#99;d&#x75;&#64;&#x6a;&#111;&#x65;&#115;&#x63;&#104;w&#x61;r&#x7a;&#46;&#x64;&#101;<\/a><strong><br \/>\n<\/strong>[\/vc_column_text][\/vc_column_inner][vc_column_inner width=&#8220;1\/3&#8243;][vc_column_text css=&#8220;&#8220;]<span style=\"color: #0085fa;\"><strong>SPD: (2 Sitze)<\/strong><\/span><br \/>\n<strong>Bianca Staffen<br \/>\n<\/strong>69118 Heidelberg,<br \/>\n<strong>Tel.:<\/strong> 0160\/4945261, <strong>Mail:<\/strong> <a href=\"&#x6d;a&#x69;&#108;t&#x6f;&#58;&#x62;&#x69;a&#x6e;&#99;a&#x2e;&#115;&#x74;&#97;f&#x66;&#101;n&#x40;&#103;&#x6d;&#120;&#46;&#x64;&#101;\">bia&#110;&#99;&#97;&#x2e;&#x73;&#x74;&#x61;&#x66;&#x66;en&#64;&#103;&#109;&#120;&#46;&#x64;&#x65;<\/a><\/p>\n<p><strong>Sven Schuster<\/strong><br \/>\nPeter-Wenzel-Weg 21, 69118 Heidelberg,<br \/>\n<strong>Tel.:<\/strong> 06221-5825551,<br \/>\n<strong>Mail:<\/strong> <a href=\"&#x6d;&#x61;&#x69;&#x6c;&#x74;&#x6f;&#x3a;&#115;&#118;&#101;&#110;&#46;schu&#x73;&#x74;&#x65;&#x72;&#x40;&#x73;&#x70;&#x64;&#45;&#104;&#101;&#105;&#100;elbe&#x72;&#x67;&#x2e;&#x64;&#x65;\">&#115;v&#x65;n&#x2e;s&#x63;h&#x75;s&#x74;e&#x72;&#64;&#x73;&#112;&#x64;&#45;&#x68;&#101;&#x69;&#100;&#x65;&#108;&#x62;&#101;r&#x67;&#46;&#x64;e<\/a>[\/vc_column_text][vc_column_text css=&#8220;&#8220;]<span style=\"color: #0085fa;\"><strong>FDP: (1 Sitz)<\/strong><\/span><br \/>\n<strong>Oliver Wolf<\/strong><br \/>\nSitzbuchweg 102, 69118 Heidelberg,<br \/>\n<strong>Tel.:<\/strong> 0152-24667795,<br \/>\n<strong>E-Mail dienstl.:<\/strong> <a href=\"m&#97;&#x69;&#x6c;t&#111;&#x3a;&#x77;o&#108;&#102;&#x40;&#x66;d&#112;&#x2d;&#x68;e&#105;&#x64;&#x65;l&#98;&#101;&#x72;&#x67;&#46;&#100;&#x65;\">&#x77;&#111;&#x6c;&#x66;&#64;&#x66;&#100;p&#x2d;&#104;e&#x69;&#100;&#x65;&#x6c;b&#x65;&#114;g&#x2e;&#100;e<\/a><br \/>\n<strong>E-Mail:<\/strong> <a href=\"privat: &#x77;&#x6f;&#x6c;&#x66;&#95;&#104;&#101;&#105;del&#x62;&#x65;&#x72;&#x67;&#x40;&#103;&#109;&#120;&#46;de\">privat: w&#111;&#108;&#x66;&#x5f;&#x68;ei&#100;&#101;&#x6c;&#x62;&#x65;r&#103;&#64;&#103;&#x6d;&#x78;&#x2e;d&#101;<\/a>[\/vc_column_text][vc_column_text]<span style=\"color: #0085fa;\"><strong>Die Linke: (1 Sitz)<\/strong><\/span><br \/>\n<strong>Anna-Maria Lindemann<\/strong>[\/vc_column_text][vc_column_text css=&#8220;&#8220;]<span style=\"color: #0085fa;\"><strong>Volt: (1 Sitz)<\/strong><\/span><br \/>\n<strong>Fabio Benini<br \/>\n<\/strong>69118 Heidelberg, OT Ziegelhausen<br \/>\n<strong>E-Mail:<\/strong> <a href=\"&#109;&#97;&#x69;l&#116;&#x6f;&#x3a;f&#97;&#x62;&#x69;o&#46;&#x62;&#x65;n&#105;&#x6e;&#x69;&#64;&#118;&#x6f;&#x6c;t&#101;&#x75;r&#111;&#112;&#x61;&#46;&#111;&#x72;&#x67;\">f&#97;&#x62;&#x69;o&#46;&#98;&#x65;&#x6e;i&#110;&#105;&#x40;&#x76;o&#108;&#x74;&#x65;&#x75;r&#111;&#x70;&#x61;&#46;&#111;&#114;&#x67;<\/a>[\/vc_column_text][\/vc_column_inner][vc_column_inner width=&#8220;1\/3&#8243;][vc_column_text css=&#8220;&#8220;]<span style=\"color: #0085fa;\"><strong>Heidelberger: (1 Sitz)<\/strong><\/span><br \/>\n<strong>Sebastian Weber<br \/>\n<\/strong>69118 Heidelberg Ortsteil Ziegelhausen<strong><br \/>\nMobil privat: <\/strong>0176 97645227<strong>, E-Mail: <\/strong><a href=\"&#x6d;&#97;i&#x6c;&#x74;&#111;:&#x77;&#x65;&#98;e&#x72;&#45;s&#x65;&#x62;&#97;s&#x74;&#x69;&#97;n&#x2d;&#104;&#100;&#x40;&#x67;&#109;x&#x2e;&#x64;&#101;\">&#x77;&#x65;&#98;&#101;r&#x2d;&#x73;&#x65;&#98;&#97;s&#x74;&#x69;&#x61;&#110;&#45;h&#x64;&#x40;&#x67;&#109;&#120;&#46;&#x64;&#x65;<\/a><strong><br \/>\n<\/strong>[\/vc_column_text][vc_column_text css=&#8220;&#8220;]<span style=\"color: #0085fa;\"><strong>AFD: (1 Sitz)<\/strong><\/span><br \/>\n<strong>Rainer Zolk<\/strong><br \/>\n69118 Heidelberg<br \/>\n<strong>E-Mail:<\/strong> <a href=\"&#109;a&#x69;l&#x74;&#111;&#x3a;&#114;&#x2e;&#109;&#46;&#x7a;o&#x6c;&#107;&#x40;&#116;&#x2d;&#111;&#x6e;&#108;i&#x6e;e&#x2e;&#100;&#x65;\">&#x72;&#46;m&#x2e;&#122;&#111;&#x6c;&#x6b;&#64;t&#x2d;&#111;n&#x6c;&#x69;&#110;e&#x2e;&#100;e<\/a>[\/vc_column_text][vc_column_text]<span style=\"color: #0085fa;\"><strong>Vorsitzender des Stadtteilvereins:<\/strong><\/span><br \/>\n<strong>Thomas Jung<\/strong><br \/>\n69118 Heidelberg[\/vc_column_text][vc_column_text css=&#8220;&#8220;]<span style=\"color: #0085fa;\"><strong>Kinderbeauftragte:<\/strong><\/span><br \/>\n<strong>Svenja Schwarz<\/strong><br \/>\nSitzbuchweg 90, 69118 Heidelberg,<br \/>\n<strong>Tel.:<\/strong> 06221-7258529, <strong>Mobil:<\/strong> 0152-33667713<br \/>\n<strong>Mail:\u00a0<\/strong> <a href=\"&#109;&#x61;i&#x6c;t&#111;&#x3a;&#115;&#x76;e&#110;&#x6a;&#97;&#x2e;s&#x63;&#x68;&#119;&#x61;r&#x7a;8&#49;&#x40;&#102;&#x72;e&#101;&#x6e;&#101;&#x74;&#46;&#100;&#x65;\">&#x73;&#x76;&#x65;&#x6e;&#x6a;&#x61;&#x2e;&#115;&#99;&#104;&#119;&#97;rz81&#x40;&#x66;&#x72;&#x65;&#x65;&#x6e;&#x65;&#x74;&#46;&#100;&#101;<\/a><\/p>\n<p><strong>Daniela von Dahl<\/strong><br \/>\n69118 Heidelberg, <strong>Mail:<\/strong> <a href=\"&#x6d;&#97;&#105;l&#x74;&#x6f;&#58;f&#x61;&#x6d;&#115;vd&#x61;&#104;&#108;&#64;&#x61;&#x6f;&#108;&#46;&#x64;&#x65;\">&#102;&#x61;m&#x73;&#x76;&#100;&#x61;h&#x6c;&#x40;&#97;&#x6f;l&#x2e;&#x64;&#101;<\/a>[\/vc_column_text][\/vc_column_inner][\/vc_row_inner][\/vc_column][\/vc_row][vc_row css=&#8220;.vc_custom_1712838338078{margin-top: 45px !important;border-top-width: 1px !important;border-right-width: 1px !important;border-bottom-width: 1px !important;border-left-width: 1px !important;padding-top: 0px !important;padding-right: 5px !important;padding-bottom: 0px !important;padding-left: 5px !important;border-left-color: #1e73be !important;border-left-style: solid !important;border-right-color: #1e73be !important;border-right-style: solid !important;border-top-color: #1e73be !important;border-top-style: solid !important;border-bottom-color: #1e73be !important;border-bottom-style: solid !important;border-radius: 3px !important;}&#8220;][vc_column][vc_row_inner css=&#8220;.vc_custom_1712838317124{margin-top: 10px !important;}&#8220;][vc_column_inner]<div id=\"ultimate-heading-787269e59f50698a3\" class=\"uvc-heading ult-adjust-bottom-margin ultimate-heading-787269e59f50698a3 uvc-8678 \" data-hspacer=\"no_spacer\"  data-halign=\"left\" style=\"text-align:left\"><div class=\"uvc-heading-spacer no_spacer\" style=\"top\"><\/div><div class=\"uvc-main-heading ult-responsive\"  data-ultimate-target='.uvc-heading.ultimate-heading-787269e59f50698a3 h2'  data-responsive-json-new='{\"font-size\":\"desktop:30px;\",\"line-height\":\"desktop:36px;\"}' ><h2 style=\"--font-weight:theme;color:#1e73be;margin-top:5px;margin-bottom:45px;\">DER GEMEINDERAT<\/h2><\/div><\/div>[\/vc_column_inner][\/vc_row_inner][vc_row_inner css=&#8220;.vc_custom_1712832112581{margin-bottom: 50px !important;}&#8220;][vc_column_inner width=&#8220;1\/4&#8243;]<div id=\"ultimate-heading-35369e59f50698fc\" class=\"uvc-heading ult-adjust-bottom-margin ultimate-heading-35369e59f50698fc uvc-4143 \" data-hspacer=\"no_spacer\"  data-halign=\"left\" style=\"text-align:left\"><div class=\"uvc-heading-spacer no_spacer\" style=\"top\"><\/div><div class=\"uvc-main-heading ult-responsive\"  data-ultimate-target='.uvc-heading.ultimate-heading-35369e59f50698fc h2'  data-responsive-json-new='{\"font-size\":\"desktop:21px;\",\"line-height\":\"desktop:22px;\"}' ><h2 style=\"--font-weight:theme;color:#1e73be;margin-top:25px;margin-bottom:25px;\">GR\u00dcNE<\/h2><\/div><\/div><div id=\"ultimate-heading-870169e59f506994f\" class=\"uvc-heading ult-adjust-bottom-margin ultimate-heading-870169e59f506994f uvc-1373 \" data-hspacer=\"no_spacer\"  data-halign=\"left\" style=\"text-align:left\"><div class=\"uvc-heading-spacer no_spacer\" style=\"top\"><\/div><div class=\"uvc-main-heading ult-responsive\"  data-ultimate-target='.uvc-heading.ultimate-heading-870169e59f506994f h2'  data-responsive-json-new='{\"font-size\":\"desktop:20px;\",\"line-height\":\"\"}' ><h2 style=\"--font-weight:theme;color:#000000;margin-bottom:10px;\">Sahin Karaaslan<\/h2><\/div><\/div>[vc_column_text]<strong>Mail:<\/strong> <a href=\"&#109;&#x61;&#105;&#x6c;&#116;&#x6f;&#58;&#x73;&#107;&#x61;&#114;&#x61;a&#x73;l&#x61;n&#x40;d&#x65;l&#x69;k&#97;&#x74;&#101;&#x73;&#115;&#x61;&#46;&#x64;&#101;\">&#x73;&#x6b;&#x61;&#x72;&#x61;&#x61;&#x73;&#x6c;&#x61;&#x6e;&#x40;&#x64;&#x65;&#x6c;&#x69;&#x6b;&#x61;&#x74;&#x65;&#x73;&#x73;&#x61;&#x2e;&#x64;&#x65;<\/a>[\/vc_column_text][\/vc_column_inner][vc_column_inner width=&#8220;1\/4&#8243;]<div id=\"ultimate-heading-33769e59f50699ab\" class=\"uvc-heading ult-adjust-bottom-margin ultimate-heading-33769e59f50699ab uvc-3904 \" data-hspacer=\"no_spacer\"  data-halign=\"left\" style=\"text-align:left\"><div class=\"uvc-heading-spacer no_spacer\" style=\"top\"><\/div><div class=\"uvc-main-heading ult-responsive\"  data-ultimate-target='.uvc-heading.ultimate-heading-33769e59f50699ab h2'  data-responsive-json-new='{\"font-size\":\"desktop:21px;\",\"line-height\":\"desktop:22px;\"}' ><h2 style=\"--font-weight:theme;color:#1e73be;margin-top:25px;margin-bottom:25px;\">CDU<\/h2><\/div><\/div><div id=\"ultimate-heading-263069e59f50699fc\" class=\"uvc-heading ult-adjust-bottom-margin ultimate-heading-263069e59f50699fc uvc-1370 \" data-hspacer=\"no_spacer\"  data-halign=\"left\" style=\"text-align:left\"><div class=\"uvc-heading-spacer no_spacer\" style=\"top\"><\/div><div class=\"uvc-main-heading ult-responsive\"  data-ultimate-target='.uvc-heading.ultimate-heading-263069e59f50699fc h2'  data-responsive-json-new='{\"font-size\":\"desktop:20px;\",\"line-height\":\"\"}' ><h2 style=\"--font-weight:theme;color:#000000;margin-bottom:10px;\">Prof. Dr. Nicole Marm\u00e9<\/h2><\/div><\/div>[vc_column_text]<strong>Tel.: <\/strong>01520-1944505<br \/>\n<strong>Mail:<\/strong> <a href=\"&#x6d;&#x61;&#x69;&#108;&#116;&#111;:m&#x61;&#x72;&#x6d;&#x65;&#64;&#99;du&#x2d;&#x66;&#x72;&#x61;&#107;&#116;io&#x6e;&#x2d;&#x68;&#x64;&#46;&#100;&#101;\">&#109;&#x61;&#114;&#x6d;&#101;&#x40;c&#x64;u&#x2d;f&#114;&#x61;&#107;&#x74;&#105;&#x6f;&#110;&#x2d;h&#x64;&#46;&#x64;e<\/a>[\/vc_column_text][\/vc_column_inner][vc_column_inner width=&#8220;1\/4&#8243;]<div id=\"ultimate-heading-307769e59f5069a4d\" class=\"uvc-heading ult-adjust-bottom-margin ultimate-heading-307769e59f5069a4d uvc-8964 \" data-hspacer=\"no_spacer\"  data-halign=\"left\" style=\"text-align:left\"><div class=\"uvc-heading-spacer no_spacer\" style=\"top\"><\/div><div class=\"uvc-main-heading ult-responsive\"  data-ultimate-target='.uvc-heading.ultimate-heading-307769e59f5069a4d h2'  data-responsive-json-new='{\"font-size\":\"desktop:21px;\",\"line-height\":\"desktop:22px;\"}' ><h2 style=\"--font-weight:theme;color:#1e73be;margin-top:25px;margin-bottom:25px;\">SPD<\/h2><\/div><\/div><div id=\"ultimate-heading-227869e59f5069a9d\" class=\"uvc-heading ult-adjust-bottom-margin ultimate-heading-227869e59f5069a9d uvc-6444 \" data-hspacer=\"no_spacer\"  data-halign=\"left\" style=\"text-align:left\"><div class=\"uvc-heading-spacer no_spacer\" style=\"top\"><\/div><div class=\"uvc-main-heading ult-responsive\"  data-ultimate-target='.uvc-heading.ultimate-heading-227869e59f5069a9d h2'  data-responsive-json-new='{\"font-size\":\"desktop:20px;\",\"line-height\":\"\"}' ><h2 style=\"--font-weight:theme;color:#000000;margin-bottom:10px;\">Prof. Dr. Anke Schuster<\/h2><\/div><\/div>[vc_column_text]Peter-Wenzel-Weg 21,<br \/>\n69118 Heidelberg<strong><br \/>\nTel.: <\/strong>06221-804454<br \/>\n<strong>Mail:<\/strong> <a href=\"m&#97;&#105;&#x6c;&#x74;o:&#97;&#110;&#x6b;&#x65;&#46;s&#99;&#104;&#x75;&#x73;te&#114;&#x40;&#x73;&#x70;d&#45;&#104;&#x65;&#x69;&#x64;e&#108;&#98;&#x65;&#x72;&#x67;&#46;&#100;&#101;\">a&#110;&#x6b;&#x65;&#x2e;s&#99;&#104;&#x75;&#x73;t&#101;&#114;&#x40;&#x73;pd&#45;&#x68;&#x65;&#x69;d&#101;&#x6c;&#x62;&#x65;r&#103;&#46;&#x64;&#x65;<\/a>[\/vc_column_text]<div id=\"ultimate-heading-248769e59f5069aed\" class=\"uvc-heading ult-adjust-bottom-margin ultimate-heading-248769e59f5069aed uvc-7120 \" data-hspacer=\"no_spacer\"  data-halign=\"left\" style=\"text-align:left\"><div class=\"uvc-heading-spacer no_spacer\" style=\"top\"><\/div><div class=\"uvc-main-heading ult-responsive\"  data-ultimate-target='.uvc-heading.ultimate-heading-248769e59f5069aed h2'  data-responsive-json-new='{\"font-size\":\"desktop:20px;\",\"line-height\":\"\"}' ><h2 style=\"--font-weight:theme;color:#000000;margin-top:25px;margin-bottom:10px;\">Adrian Rehberger<\/h2><\/div><\/div>[vc_column_text]Klingenweg 30, 69118 Heidelberg<strong><br \/>\n<\/strong><strong>Mail:<\/strong> <a href=\"&#109;&#x61;i&#108;&#x74;o&#58;&#x61;d&#114;&#x69;a&#110;&#x2e;r&#101;&#x68;b&#101;&#x72;g&#101;&#x72;&#64;&#97;&#x72;c&#111;&#x72;&#46;&#100;&#x65;\">&#x61;&#x64;&#x72;&#x69;&#x61;&#x6e;&#x2e;&#x72;&#x65;&#x68;&#x62;&#x65;&#x72;&#x67;&#x65;&#x72;&#x40;&#x61;&#x72;&#x63;&#x6f;&#x72;&#x2e;&#x64;&#x65;<\/a>[\/vc_column_text][\/vc_column_inner][vc_column_inner width=&#8220;1\/4&#8243;]<div id=\"ultimate-heading-797469e59f5069b3d\" class=\"uvc-heading ult-adjust-bottom-margin ultimate-heading-797469e59f5069b3d uvc-4243 \" data-hspacer=\"no_spacer\"  data-halign=\"left\" style=\"text-align:left\"><div class=\"uvc-heading-spacer no_spacer\" style=\"top\"><\/div><div class=\"uvc-main-heading ult-responsive\"  data-ultimate-target='.uvc-heading.ultimate-heading-797469e59f5069b3d h2'  data-responsive-json-new='{\"font-size\":\"desktop:21px;\",\"line-height\":\"desktop:22px;\"}' ><h2 style=\"--font-weight:theme;color:#1e73be;margin-top:25px;margin-bottom:25px;\">Freie W\u00e4hler<\/h2><\/div><\/div><div id=\"ultimate-heading-959169e59f5069b8c\" class=\"uvc-heading ult-adjust-bottom-margin ultimate-heading-959169e59f5069b8c uvc-8025 \" data-hspacer=\"no_spacer\"  data-halign=\"left\" style=\"text-align:left\"><div class=\"uvc-heading-spacer no_spacer\" style=\"top\"><\/div><div class=\"uvc-main-heading ult-responsive\"  data-ultimate-target='.uvc-heading.ultimate-heading-959169e59f5069b8c h2'  data-responsive-json-new='{\"font-size\":\"desktop:20px;\",\"line-height\":\"\"}' ><h2 style=\"--font-weight:theme;color:#000000;margin-bottom:10px;\">Frank Beisel<\/h2><\/div><\/div>[vc_column_text]Peterstaler Stra\u00dfe 34\/1,<br \/>\n69118 Heidelberg<strong><br \/>\nTel.: <\/strong>0176-86752700[\/vc_column_text][\/vc_column_inner][\/vc_row_inner][\/vc_column][\/vc_row][vc_row css=&#8220;.vc_custom_1712838643879{margin-top: 45px !important;border-top-width: 1px !important;border-right-width: 1px !important;border-bottom-width: 1px !important;border-left-width: 1px !important;padding-right: 5px !important;padding-left: 5px !important;border-left-color: #000000 !important;border-left-style: solid !important;border-right-color: #000000 !important;border-right-style: solid !important;border-top-color: #000000 !important;border-top-style: solid !important;border-bottom-color: #000000 !important;border-bottom-style: solid !important;border-radius: 3px !important;}&#8220;][vc_column][vc_row_inner css=&#8220;.vc_custom_1712838686420{margin-top: 10px !important;}&#8220;][vc_column_inner]<div id=\"ultimate-heading-549569e59f5069bdc\" class=\"uvc-heading ult-adjust-bottom-margin ultimate-heading-549569e59f5069bdc uvc-7505 \" data-hspacer=\"no_spacer\"  data-halign=\"left\" style=\"text-align:left\"><div class=\"uvc-heading-spacer no_spacer\" style=\"top\"><\/div><div class=\"uvc-main-heading ult-responsive\"  data-ultimate-target='.uvc-heading.ultimate-heading-549569e59f5069bdc h2'  data-responsive-json-new='{\"font-size\":\"desktop:30px;\",\"line-height\":\"desktop:36px;\"}' ><h2 style=\"--font-weight:theme;color:#1e73be;margin-top:0px;margin-bottom:30px;\">BUNDESTAG<\/h2><\/div><\/div>[\/vc_column_inner][\/vc_row_inner][vc_row_inner][vc_column_inner width=&#8220;1\/3&#8243;][vc_single_image image=&#8220;1295&#8243; img_size=&#8220;medium&#8220; style=&#8220;vc_box_shadow_border&#8220;][\/vc_column_inner][vc_column_inner width=&#8220;1\/3&#8243;]<div class=\"ult-spacer spacer-69e59f5069c1c\" data-id=\"69e59f5069c1c\" data-height=\"100\" data-height-mobile=\"100\" data-height-tab=\"100\" data-height-tab-portrait=\"\" data-height-mobile-landscape=\"\" style=\"clear:both;display:block;\"><\/div>[vc_column_text]<span style=\"color: #004580;\"><strong>Alexander F\u00f6hr<\/strong><\/span><br \/>\nGewerbestra\u00dfe 2-4<br \/>\n69221 Dossenheim[\/vc_column_text][\/vc_column_inner][vc_column_inner width=&#8220;1\/3&#8243;]<div class=\"ult-spacer spacer-69e59f5069c30\" data-id=\"69e59f5069c30\" data-height=\"100\" data-height-mobile=\"100\" data-height-tab=\"100\" data-height-tab-portrait=\"\" data-height-mobile-landscape=\"\" style=\"clear:both;display:block;\"><\/div>[vc_column_text css=&#8220;.vc_custom_1712839202270{margin-bottom: 5px !important;padding-bottom: 0px !important;}&#8220;]<strong>Kontakt:<\/strong><br \/>\n<strong>Telefon:<\/strong> 06221-60800<br \/>\n<strong>E-Mail:<\/strong> &#x75;&#x73;&#x65;&#x72;&#x40;&#x61;&#x6c;&#x65;&#x78;&#x61;&#x6e;&#x64;&#x65;&#x72;&#x2d;&#x66;&#x6f;&#x65;&#x68;&#x72;&#x2e;&#x64;&#101;[\/vc_column_text][vc_btn title=&#8220;www.alexander-foehr.de&#8220; color=&#8220;primary&#8220; size=&#8220;xs&#8220; i_icon_fontawesome=&#8220;fas fa-globe&#8220; css=&#8220;.vc_custom_1712839189727{margin-top: 0px !important;padding-top: 0px !important;}&#8220; add_icon=&#8220;true&#8220; link=&#8220;url:http%3A%2F%2Fwww.alexander-foehr.de|target:_blank|rel:nofollow&#8220;][\/vc_column_inner][\/vc_row_inner][\/vc_column][\/vc_row]<\/p>\n<\/div>","protected":false},"excerpt":{"rendered":"<p>[vc_row][vc_column][vc_column_text]Die Menschen in unserem Stadtteil werden in Heidelberg und dar\u00fcber hinaus auf den unterschiedlichsten Ebenen aktiv &#8211; im Bezirksbeirat Ziegelhausen, im Heidelberger Gemeinderat und auch im Deutschen Bundestag.[\/vc_column_text][\/vc_column][\/vc_row][vc_row css=&#8220;.vc_custom_1712837700763{border-top-width: 1px !important;border-right-width: 1px !important;border-bottom-width: 1px !important;border-left-width: 1px !important;padding-right: 5px !important;padding-left: 5px !important;border-left-color: #000000 !important;border-left-style: solid !important;border-right-color: #000000 !important;border-right-style: solid !important;border-top-color: #000000 !important;border-top-style: solid !important;border-bottom-color: #000000 !important;border-bottom-style:&hellip;<\/p>\n","protected":false},"author":1,"featured_media":0,"parent":0,"menu_order":0,"comment_status":"closed","ping_status":"closed","template":"","meta":{"footnotes":""},"class_list":["post-1280","page","type-page","status-publish","hentry","description-off"],"publishpress_future_action":{"enabled":false,"date":"2026-04-27 05:36:48","action":"change-status","newStatus":"draft","terms":[],"taxonomy":"","extraData":[]},"publishpress_future_workflow_manual_trigger":{"enabledWorkflows":[]},"_links":{"self":[{"href":"https:\/\/www.stadtteilverein.de\/index.php\/wp-json\/wp\/v2\/pages\/1280","targetHints":{"allow":["GET"]}}],"collection":[{"href":"https:\/\/www.stadtteilverein.de\/index.php\/wp-json\/wp\/v2\/pages"}],"about":[{"href":"https:\/\/www.stadtteilverein.de\/index.php\/wp-json\/wp\/v2\/types\/page"}],"author":[{"embeddable":true,"href":"https:\/\/www.stadtteilverein.de\/index.php\/wp-json\/wp\/v2\/users\/1"}],"replies":[{"embeddable":true,"href":"https:\/\/www.stadtteilverein.de\/index.php\/wp-json\/wp\/v2\/comments?post=1280"}],"version-history":[{"count":18,"href":"https:\/\/www.stadtteilverein.de\/index.php\/wp-json\/wp\/v2\/pages\/1280\/revisions"}],"predecessor-version":[{"id":1515,"href":"https:\/\/www.stadtteilverein.de\/index.php\/wp-json\/wp\/v2\/pages\/1280\/revisions\/1515"}],"wp:attachment":[{"href":"https:\/\/www.stadtteilverein.de\/index.php\/wp-json\/wp\/v2\/media?parent=1280"}],"curies":[{"name":"wp","href":"https:\/\/api.w.org\/{rel}","templated":true}]}}