{"id":1263,"date":"2024-04-11T07:51:36","date_gmt":"2024-04-11T07:51:36","guid":{"rendered":"https:\/\/www.stadtteilverein.de\/?page_id=1263"},"modified":"2025-03-27T11:44:09","modified_gmt":"2025-03-27T10:44:09","slug":"erweiterter-vorstand","status":"publish","type":"page","link":"https:\/\/www.stadtteilverein.de\/index.php\/erweiterter-vorstand\/","title":{"rendered":"Erweiterter Vorstand"},"content":{"rendered":"<div class=\"wpb-content-wrapper\"><p>[vc_row][vc_column]<div id=\"ultimate-heading-112369fb20249f508\" class=\"uvc-heading ult-adjust-bottom-margin ultimate-heading-112369fb20249f508 uvc-9304 \" data-hspacer=\"no_spacer\"  data-halign=\"center\" style=\"text-align:center\"><div class=\"uvc-heading-spacer no_spacer\" style=\"top\"><\/div><div class=\"uvc-main-heading ult-responsive\"  data-ultimate-target='.uvc-heading.ultimate-heading-112369fb20249f508 h2'  data-responsive-json-new='{\"font-size\":\"desktop:36px;\",\"line-height\":\"desktop:40px;\"}' ><h2 style=\"--font-weight:theme;margin-bottom:30px;\">Funktion des erweiterten Vorstandes<\/h2><\/div><\/div>[vc_row_inner][vc_column_inner width=&#8220;1\/2&#8243;][vc_column_text]<strong>Der erweiterte Vorstand<\/strong><br \/>\n(1) Der erweiterte Vorstand hat beratende Funktion. Er setzt sich zusammen aus:<br \/>\na) dem Vorstand gem\u00e4\u00df \u00a7 6 der Satzung; und weiter, soweit nachgenannte Vereine, Organisationen und Personen Mitglieder des Stadtteilvereins sind:<br \/>\nb) den im Stadtteil Ziegelhausen wohnenden Stadtr\u00e4ten u. Bezirksbeir\u00e4ten,<br \/>\nc) je einem Vertreter der in Ziegelhausen wirkenden Vereine,<br \/>\nd) den Geistlichen der Ziegelh\u00e4user Pfarreien,<br \/>\ne) den Rektoren der Ziegelh\u00e4user Schulen,<br \/>\nf) den Vorsitzenden bzw. Vertretern der in Ziegelhausen vertretenen Ortsvereinen politischer Parteien und W\u00e4hlergruppen,<br \/>\ng) einem Vertreter des Gesamtelternbeirates der Ziegelh\u00e4user Schulen,<br \/>\nh) den durch die Gemeinde Ziegelhausen bestellten Bevollm\u00e4chtigten gem\u00e4\u00df \u00a7 22 der Eingliederungsvereinebarung mit der Stadt Heidelberg.[\/vc_column_text][\/vc_column_inner][vc_column_inner width=&#8220;1\/2&#8243;][vc_column_text](2) Der erweiterte Vorstand ist mindestens einmal j\u00e4hrlich einzuberufen. Die Einladung erfolgt durch den Vorsitzenden unter Angbabe der Tagesordnung und Einhaltung der in \u00a7 5 Abs. 2 der Satzung genannten Form und Frist.<\/p>\n<p>(3) Der erweiterte Vorstand ber\u00e4t \u00fcber die Punkte der Tagesordnung, die der Vorstand einbringt, sowie \u00fcber Antr\u00e4ge die sp\u00e4testens 3 Tage vor der Sitzung schriftlich beim Vorsitzenden einzubringen sind.[\/vc_column_text][\/vc_column_inner][\/vc_row_inner][\/vc_column][\/vc_row][vc_row css=&#8220;.vc_custom_1712822900467{margin-top: 30px !important;}&#8220;][vc_column]<div id=\"ultimate-heading-907369fb20249f595\" class=\"uvc-heading ult-adjust-bottom-margin ultimate-heading-907369fb20249f595 uvc-763 \" data-hspacer=\"no_spacer\"  data-halign=\"center\" style=\"text-align:center\"><div class=\"uvc-heading-spacer no_spacer\" style=\"top\"><\/div><div class=\"uvc-main-heading ult-responsive\"  data-ultimate-target='.uvc-heading.ultimate-heading-907369fb20249f595 h2'  data-responsive-json-new='{\"font-size\":\"desktop:36px;\",\"line-height\":\"desktop:40px;\"}' ><h2 style=\"--font-weight:theme;margin-bottom:30px;\">Die Arbeitskreise<\/h2><\/div><\/div>[vc_row_inner][vc_column_inner width=&#8220;1\/3&#8243;]<div id=\"ultimate-heading-928569fb20249f5f1\" class=\"uvc-heading ult-adjust-bottom-margin ultimate-heading-928569fb20249f5f1 uvc-9521 \" data-hspacer=\"no_spacer\"  data-halign=\"center\" style=\"text-align:center\"><div class=\"uvc-heading-spacer no_spacer\" style=\"top\"><\/div><div class=\"uvc-main-heading ult-responsive\"  data-ultimate-target='.uvc-heading.ultimate-heading-928569fb20249f5f1 h2'  data-responsive-json-new='{\"font-size\":\"desktop:28px;\",\"line-height\":\"desktop:40px;\"}' ><h2 style=\"--font-weight:theme;color:#1e73be;margin-bottom:30px;\">AK Bleelumbe-Blatt<\/h2><\/div><\/div>[vc_column_text css=&#8220;&#8220;]<\/p>\n<ul>\n<li>Dieser Arbeitskreis \u00fcbernimmt die Redaktion, die Anzeigenakquise sowie die Organisation der Verteilung des Bleelumbe-Blatts<\/li>\n<li>Bei Interesse k\u00f6nnen Sie sich gerne bei uns unter <a href=\"mai&#108;&#116;&#111;&#x3a;&#x72;&#x65;&#x64;&#x61;&#x6b;tio&#110;&#64;&#115;&#116;&#x61;&#x64;&#x74;&#x74;&#x65;&#x69;lve&#114;&#101;&#105;&#x6e;&#x2e;&#x64;&#x65;\">&#x72;&#101;d&#x61;&#107;t&#x69;&#x6f;&#110;&#x40;&#x73;&#116;a&#x64;&#116;t&#x65;&#x69;&#108;&#x76;&#x65;&#114;e&#x69;&#110;&#46;&#x64;&#x65;<\/a> melden<\/li>\n<\/ul>\n<p>[\/vc_column_text][\/vc_column_inner][vc_column_inner width=&#8220;1\/3&#8243;]<div id=\"ultimate-heading-685269fb20249f654\" class=\"uvc-heading ult-adjust-bottom-margin ultimate-heading-685269fb20249f654 uvc-2606 \" data-hspacer=\"no_spacer\"  data-halign=\"center\" style=\"text-align:center\"><div class=\"uvc-heading-spacer no_spacer\" style=\"top\"><\/div><div class=\"uvc-main-heading ult-responsive\"  data-ultimate-target='.uvc-heading.ultimate-heading-685269fb20249f654 h2'  data-responsive-json-new='{\"font-size\":\"desktop:28px;\",\"line-height\":\"desktop:40px;\"}' ><h2 style=\"--font-weight:theme;color:#1e73be;margin-bottom:30px;\">AK KERWE (inkl. ``Kerwegespr\u00e4che``)<\/h2><\/div><\/div>[vc_column_text]<\/p>\n<ul>\n<li>Dieser Arbeitskreis \u00fcbernimmt gemeinsam mit dem Vorstand des Stadtteilvereins die Ausgestaltung und Organisation der allj\u00e4hrlich stattfindenden Bleelumbe-Kerwe.<\/li>\n<li>Bei Interesse k\u00f6nnen Sie sich gerne bei uns unter <a href=\"mailto:i&#110;&#102;&#111;&#64;&#115;&#116;&#97;&#100;&#116;&#116;&#x65;&#x69;&#x6c;&#x76;&#x65;&#x72;&#x65;&#x69;&#x6e;&#x2e;&#x64;&#x65;\">in&#102;&#111;&#64;&#115;&#x74;&#x61;&#x64;&#x74;&#x74;ei&#108;&#118;&#101;&#114;&#x65;&#x69;&#x6e;&#x2e;&#x64;e<\/a> melden oder auch einfach spontan bei uns vorbeikommen<\/li>\n<\/ul>\n<p>[\/vc_column_text][\/vc_column_inner][vc_column_inner width=&#8220;1\/3&#8243;]<div id=\"ultimate-heading-989869fb20249f6a8\" class=\"uvc-heading ult-adjust-bottom-margin ultimate-heading-989869fb20249f6a8 uvc-649 \" data-hspacer=\"no_spacer\"  data-halign=\"center\" style=\"text-align:center\"><div class=\"uvc-heading-spacer no_spacer\" style=\"top\"><\/div><div class=\"uvc-main-heading ult-responsive\"  data-ultimate-target='.uvc-heading.ultimate-heading-989869fb20249f6a8 h2'  data-responsive-json-new='{\"font-size\":\"desktop:28px;\",\"line-height\":\"desktop:40px;\"}' ><h2 style=\"--font-weight:theme;color:#1e73be;margin-bottom:30px;\">AK STADTTEILENTWICKLUNG<\/h2><\/div><\/div>[vc_column_text]<\/p>\n<ul>\n<li>In diesem Arbeitskreis wird besprochen, wie unser Stadtteil an bestimmten Stellen noch sch\u00f6ner gemacht werden kann und was es noch braucht, um beispielsweise die verkehrliche Situation oder die Aufenthaltsqualit\u00e4t im Ort zu verbessern<\/li>\n<li>Bei Interesse k\u00f6nnen Sie sich gerne bei uns unter <a href=\"m&#97;&#105;&#x6c;&#x74;o&#58;&#105;&#x6e;&#x66;&#x6f;&#64;&#115;&#116;&#x61;&#x64;tt&#101;&#x69;&#x6c;&#x76;e&#114;&#101;&#x69;&#x6e;&#46;d&#101;\">&#x69;n&#x66;o&#x40;&#115;&#x74;&#97;d&#x74;t&#x65;&#105;&#x6c;&#118;&#x65;&#114;e&#x69;n&#x2e;&#100;&#x65;<\/a> melden oder auch einfach spontan bei uns vorbeikommen<\/li>\n<\/ul>\n<p>[\/vc_column_text][\/vc_column_inner][\/vc_row_inner][\/vc_column][\/vc_row]<\/p>\n<\/div>","protected":false},"excerpt":{"rendered":"<p>[vc_row][vc_column][vc_row_inner][vc_column_inner width=&#8220;1\/2&#8243;][vc_column_text]Der erweiterte Vorstand (1) Der erweiterte Vorstand hat beratende Funktion. Er setzt sich zusammen aus: a) dem Vorstand gem\u00e4\u00df \u00a7 6 der Satzung; und weiter, soweit nachgenannte Vereine, Organisationen und Personen Mitglieder des Stadtteilvereins sind: b) den im Stadtteil Ziegelhausen wohnenden Stadtr\u00e4ten u. Bezirksbeir\u00e4ten, c) je einem Vertreter der in Ziegelhausen wirkenden Vereine, d)&hellip;<\/p>\n","protected":false},"author":1,"featured_media":0,"parent":0,"menu_order":0,"comment_status":"closed","ping_status":"closed","template":"","meta":{"footnotes":""},"class_list":["post-1263","page","type-page","status-publish","hentry","description-off"],"publishpress_future_action":{"enabled":false,"date":"2026-05-13 13:04:04","action":"change-status","newStatus":"draft","terms":[],"taxonomy":"","extraData":[]},"publishpress_future_workflow_manual_trigger":{"enabledWorkflows":[]},"_links":{"self":[{"href":"https:\/\/www.stadtteilverein.de\/index.php\/wp-json\/wp\/v2\/pages\/1263","targetHints":{"allow":["GET"]}}],"collection":[{"href":"https:\/\/www.stadtteilverein.de\/index.php\/wp-json\/wp\/v2\/pages"}],"about":[{"href":"https:\/\/www.stadtteilverein.de\/index.php\/wp-json\/wp\/v2\/types\/page"}],"author":[{"embeddable":true,"href":"https:\/\/www.stadtteilverein.de\/index.php\/wp-json\/wp\/v2\/users\/1"}],"replies":[{"embeddable":true,"href":"https:\/\/www.stadtteilverein.de\/index.php\/wp-json\/wp\/v2\/comments?post=1263"}],"version-history":[{"count":22,"href":"https:\/\/www.stadtteilverein.de\/index.php\/wp-json\/wp\/v2\/pages\/1263\/revisions"}],"predecessor-version":[{"id":1865,"href":"https:\/\/www.stadtteilverein.de\/index.php\/wp-json\/wp\/v2\/pages\/1263\/revisions\/1865"}],"wp:attachment":[{"href":"https:\/\/www.stadtteilverein.de\/index.php\/wp-json\/wp\/v2\/media?parent=1263"}],"curies":[{"name":"wp","href":"https:\/\/api.w.org\/{rel}","templated":true}]}}