{"id":1254,"date":"2024-04-10T09:24:46","date_gmt":"2024-04-10T09:24:46","guid":{"rendered":"https:\/\/www.stadtteilverein.de\/?page_id=1254"},"modified":"2026-02-04T10:01:38","modified_gmt":"2026-02-04T09:01:38","slug":"stadtteilbudgets","status":"publish","type":"page","link":"https:\/\/www.stadtteilverein.de\/index.php\/stadtteilbudgets\/","title":{"rendered":"Stadtteilbudgets"},"content":{"rendered":"<div class=\"wpb-content-wrapper\"><p>[vc_row][vc_column]<div id=\"ultimate-heading-703069e589806e513\" class=\"uvc-heading ult-adjust-bottom-margin ultimate-heading-703069e589806e513 uvc-8181 \" data-hspacer=\"no_spacer\"  data-halign=\"center\" style=\"text-align:center\"><div class=\"uvc-heading-spacer no_spacer\" style=\"top\"><\/div><div class=\"uvc-main-heading ult-responsive\"  data-ultimate-target='.uvc-heading.ultimate-heading-703069e589806e513 h2'  data-responsive-json-new='{\"font-size\":\"desktop:36px;\",\"line-height\":\"desktop:40px;\"}' ><h2 style=\"--font-weight:theme;margin-bottom:30px;\">Mach\u2018 Dein Ding f\u00fcr Deinen Stadtteil!<\/h2><\/div><\/div>[vc_row_inner][vc_column_inner width=&#8220;1\/2&#8243;][vc_column_text]Unter unseren B\u00fcrgerinnen und B\u00fcrgern, Vereinen, im Kindergarten, in der Schule gibt es viele z\u00fcndende Ideen\u201c f\u00fcr ein Projekt, eine Veranstaltung oder andere Aktion in unserem Stadtteil. Doch oftmals scheitert ein solches Vorhaben daran, weil aus eigener Kraft nicht gen\u00fcgend Gelder daf\u00fcr eingeworben werden k\u00f6nnen.<\/p>\n<p>Die Stadtteilbudgets sollen gerade diese Projekte erm\u00f6glichen \u2013 Bewerben k\u00f6nnen sich Privatpersonen, Vereinen, Initaitiven, Schulklassen und Kindergartengruppen sowie Nachbarschaften<\/p>\n<p>Gef\u00f6rdert k\u00f6nnen s\u00e4mtliche eigenverantwortlich durchgef\u00fchrten Projekte \u2013 Ausnahmen sind Projekte, bei denen wirtschaftliche Gewinne erzielt werden sollen oder auch dauerhafte Projekte. Es besteht zudem kein Anspruch auf F\u00f6rderung.[\/vc_column_text][vc_column_text css=&#8220;.vc_custom_1712740898166{margin-top: 30px !important;}&#8220;]<strong>M\u00f6gliche f\u00f6rderf\u00e4hige Projekte k\u00f6nnen beispielsweise:<\/strong><\/p>\n<ul>\n<li>Identifikation mit dem Stadtteil f\u00f6rdern<\/li>\n<li>Begegnungen im Stadtteil erm\u00f6glichen<\/li>\n<li>zur Imageverbesserung des Stadtteils beitragen<\/li>\n<li>nachbarschaftliche, interkulturelle oder generationen\u00fcbergreifende Kontakte st\u00e4rken, Integration, Inklusion und soziale Teilhabe f\u00f6rdern<\/li>\n<li>zur Belebung der Kultur beitragen<\/li>\n<li>Sport und Gesundheit f\u00f6rdern<\/li>\n<li>Selbsthilfe und B\u00fcrgerengagement erm\u00f6glichen und st\u00e4rken<\/li>\n<li>zu Natur-, Umwelt- und Klimaschutz beitragen<\/li>\n<li>das Wohnumfeld oder \u00f6ffentliche Fl\u00e4chen und Pl\u00e4tze aufwerten<\/li>\n<\/ul>\n<p>Projekte k\u00f6nnen online bei der Stadt Heidelberg unter diesem LINK beantragt werden:[\/vc_column_text][vc_btn title=&#8220;LINK&#8220; color=&#8220;juicy-pink&#8220; size=&#8220;sm&#8220; i_icon_fontawesome=&#8220;fas fa-globe&#8220; add_icon=&#8220;true&#8220; link=&#8220;url:https%3A%2F%2Fformulare.virtuelles-rathaus.de%2Fmetaform%2FForm-Solutions%2Fsid%2Fassistant%2F64ac038dd84aff0953da46c6|title:LINK|target:_blank|rel:nofollow&#8220;][\/vc_column_inner][vc_column_inner width=&#8220;1\/2&#8243;][vc_single_image image=&#8220;1257&#8243; img_size=&#8220;full&#8220;][vc_column_text css=&#8220;.vc_custom_1770134330245{margin-top: 30px !important;}&#8220;]Welcher Antragssteller oder Antragsstellerin dann letztendlich einen Zuschuss aus dem Stadtteilbudget bekommt, entscheidet ein Vergabegremium, das aus 3 Mitgliedern des Bezirksbeirats Ziegelhausen, 3 Vertreterinnen und Vertretern der Ziegelh\u00e4user Vereine (inkl. Stadtteilverein) sowie 6 zuf\u00e4llig ausgew\u00e4hlten B\u00fcrgerinnen und B\u00fcrgern besteht.<\/p>\n<p>Die Gremien tagen in regelm\u00e4\u00dfigen Abst\u00e4nden auch in Ziegelhausen, um \u00fcber vorliegende Projektantr\u00e4ge zu entscheiden. F\u00f6rderantr\u00e4ge m\u00fcssen mindestens drei Wochen vor der n\u00e4chsten Sitzung des Gremiums des jeweiligen Stadtteils \u00fcber das Online-Formular eingereicht werden. Ansprechpartnerinnen und -partner in den Stadtteilen sind die jeweiligen Sprecherinnen und Sprecher des Gremiums.<\/p>\n<p>Alle weiteren Informationen und die Termine sind unter https:\/\/www.heidelberg.de\/hd\/HD\/Leben\/stadtteilbudgets.html zu finden.<\/p>\n<p>Fragen k\u00f6nnen per E-Mail an <a href=\"&#x6d;&#97;i&#x6c;&#116;o&#x3a;&#115;t&#x61;&#x64;&#116;&#x74;&#x65;&#105;l&#x62;&#117;d&#x67;&#101;t&#x40;&#x68;&#101;&#x69;&#x64;&#101;l&#x62;&#101;r&#x67;&#46;d&#x65;\">&#115;&#x74;&#x61;d&#116;&#x74;e&#105;&#x6c;b&#117;&#x64;g&#101;&#x74;&#x40;&#104;&#x65;&#x69;d&#101;&#x6c;b&#101;&#x72;g&#46;&#x64;&#x65;<\/a> gerichtet werden.[\/vc_column_text][\/vc_column_inner][\/vc_row_inner][\/vc_column][\/vc_row][vc_row css=&#8220;.vc_custom_1712741516267{margin-top: 50px !important;}&#8220;][vc_column][vc_single_image image=&#8220;1260&#8243; img_size=&#8220;full&#8220; onclick=&#8220;img_link_large&#8220; img_link_target=&#8220;_blank&#8220;][\/vc_column][\/vc_row]<\/p>\n<\/div>","protected":false},"excerpt":{"rendered":"<p>[vc_row][vc_column][vc_row_inner][vc_column_inner width=&#8220;1\/2&#8243;][vc_column_text]Unter unseren B\u00fcrgerinnen und B\u00fcrgern, Vereinen, im Kindergarten, in der Schule gibt es viele z\u00fcndende Ideen\u201c f\u00fcr ein Projekt, eine Veranstaltung oder andere Aktion in unserem Stadtteil. Doch oftmals scheitert ein solches Vorhaben daran, weil aus eigener Kraft nicht gen\u00fcgend Gelder daf\u00fcr eingeworben werden k\u00f6nnen. Die Stadtteilbudgets sollen gerade diese Projekte erm\u00f6glichen \u2013 Bewerben&hellip;<\/p>\n","protected":false},"author":1,"featured_media":0,"parent":0,"menu_order":0,"comment_status":"closed","ping_status":"closed","template":"","meta":{"footnotes":""},"class_list":["post-1254","page","type-page","status-publish","hentry","description-off"],"publishpress_future_action":{"enabled":false,"date":"2026-04-27 04:03:44","action":"change-status","newStatus":"draft","terms":[],"taxonomy":"","extraData":[]},"publishpress_future_workflow_manual_trigger":{"enabledWorkflows":[]},"_links":{"self":[{"href":"https:\/\/www.stadtteilverein.de\/index.php\/wp-json\/wp\/v2\/pages\/1254","targetHints":{"allow":["GET"]}}],"collection":[{"href":"https:\/\/www.stadtteilverein.de\/index.php\/wp-json\/wp\/v2\/pages"}],"about":[{"href":"https:\/\/www.stadtteilverein.de\/index.php\/wp-json\/wp\/v2\/types\/page"}],"author":[{"embeddable":true,"href":"https:\/\/www.stadtteilverein.de\/index.php\/wp-json\/wp\/v2\/users\/1"}],"replies":[{"embeddable":true,"href":"https:\/\/www.stadtteilverein.de\/index.php\/wp-json\/wp\/v2\/comments?post=1254"}],"version-history":[{"count":10,"href":"https:\/\/www.stadtteilverein.de\/index.php\/wp-json\/wp\/v2\/pages\/1254\/revisions"}],"predecessor-version":[{"id":2457,"href":"https:\/\/www.stadtteilverein.de\/index.php\/wp-json\/wp\/v2\/pages\/1254\/revisions\/2457"}],"wp:attachment":[{"href":"https:\/\/www.stadtteilverein.de\/index.php\/wp-json\/wp\/v2\/media?parent=1254"}],"curies":[{"name":"wp","href":"https:\/\/api.w.org\/{rel}","templated":true}]}}